{"id":28517,"date":"2023-01-20T08:31:00","date_gmt":"2023-01-20T06:31:00","guid":{"rendered":"https:\/\/des.gbsfinance.com?page_id=28517"},"modified":"2025-03-04T17:02:36","modified_gmt":"2025-03-04T15:02:36","slug":"noticias","status":"publish","type":"page","link":"https:\/\/www.gbsfinance.com\/es\/noticias\/","title":{"rendered":"Noticias"},"content":{"rendered":"\t\t<div data-elementor-type=\"wp-page\" data-elementor-id=\"28517\" class=\"elementor elementor-28517 elementor-117\" data-elementor-post-type=\"page\">\n\t\t\t\t\t\t<section class=\"elementor-section elementor-top-section elementor-element elementor-element-54b40356 elementor-section-full_width elementor-section-height-default elementor-section-height-default\" data-id=\"54b40356\" data-element_type=\"section\" data-e-type=\"section\" data-settings=\"{&quot;background_background&quot;:&quot;classic&quot;}\">\n\t\t\t\t\t\t<div class=\"elementor-container elementor-column-gap-default\">\n\t\t\t\t\t<div class=\"elementor-column elementor-col-100 elementor-top-column elementor-element elementor-element-53d50634\" data-id=\"53d50634\" data-element_type=\"column\" data-e-type=\"column\">\n\t\t\t<div class=\"elementor-widget-wrap elementor-element-populated\">\n\t\t\t\t\t\t<div class=\"elementor-element elementor-element-236d43ff elementor-widget elementor-widget-heading\" data-id=\"236d43ff\" data-element_type=\"widget\" data-e-type=\"widget\" data-widget_type=\"heading.default\">\n\t\t\t\t<div class=\"elementor-widget-container\">\n\t\t\t\t\t<h2 class=\"elementor-heading-title elementor-size-default\">Noticias<\/h2>\t\t\t\t<\/div>\n\t\t\t\t<\/div>\n\t\t\t\t<div class=\"elementor-element elementor-element-31a7795 elementor-widget elementor-widget-text-editor\" data-id=\"31a7795\" data-element_type=\"widget\" data-e-type=\"widget\" data-widget_type=\"text-editor.default\">\n\t\t\t\t<div class=\"elementor-widget-container\">\n\t\t\t\t\t\t\t\t\t<div class=\"et_pb_module et_pb_text et_pb_text_0 et_pb_text_align_left et_pb_bg_layout_light\">\n<div class=\"et_pb_text_inner\">Conozca la actualidad financiera de la mano de los l\u00edderes de GBS Finance<\/div>\n<\/div>\t\t\t\t\t\t\t\t<\/div>\n\t\t\t\t<\/div>\n\t\t\t\t\t<\/div>\n\t\t<\/div>\n\t\t\t\t\t<\/div>\n\t\t<\/section>\n\t\t\t\t<section class=\"elementor-section elementor-top-section elementor-element elementor-element-391801ef elementor-section-full_width elementor-section-height-default elementor-section-height-default\" data-id=\"391801ef\" data-element_type=\"section\" data-e-type=\"section\">\n\t\t\t\t\t\t<div class=\"elementor-container elementor-column-gap-default\">\n\t\t\t\t\t<div class=\"elementor-column elementor-col-100 elementor-top-column elementor-element elementor-element-4bca83b6\" data-id=\"4bca83b6\" data-element_type=\"column\" data-e-type=\"column\">\n\t\t\t<div class=\"elementor-widget-wrap elementor-element-populated\">\n\t\t\t\t\t\t<div class=\"elementor-element elementor-element-32ff5b4 elementor-grid-3 elementor-grid-tablet-2 elementor-grid-mobile-1 elementor-posts--thumbnail-top elementor-widget elementor-widget-posts\" data-id=\"32ff5b4\" data-element_type=\"widget\" data-e-type=\"widget\" data-settings=\"{&quot;pagination_type&quot;:&quot;numbers_and_prev_next&quot;,&quot;classic_columns&quot;:&quot;3&quot;,&quot;classic_columns_tablet&quot;:&quot;2&quot;,&quot;classic_columns_mobile&quot;:&quot;1&quot;,&quot;classic_row_gap&quot;:{&quot;unit&quot;:&quot;px&quot;,&quot;size&quot;:35,&quot;sizes&quot;:[]},&quot;classic_row_gap_tablet&quot;:{&quot;unit&quot;:&quot;px&quot;,&quot;size&quot;:&quot;&quot;,&quot;sizes&quot;:[]},&quot;classic_row_gap_mobile&quot;:{&quot;unit&quot;:&quot;px&quot;,&quot;size&quot;:&quot;&quot;,&quot;sizes&quot;:[]}}\" data-widget_type=\"posts.classic\">\n\t\t\t\t<div class=\"elementor-widget-container\">\n\t\t\t\t\t\t\t<div class=\"elementor-posts-container elementor-posts elementor-posts--skin-classic elementor-grid\" role=\"list\">\n\t\t\t\t<article class=\"elementor-post elementor-grid-item post-31802 post type-post status-publish format-standard has-post-thumbnail hentry category-noticias category-sin-categorizar\" role=\"listitem\">\n\t\t\t\t<a class=\"elementor-post__thumbnail__link\" href=\"https:\/\/www.gbsfinance.com\/es\/gbs-finance-ha-sido-reconocido-como-el-mejor-asesor-financiero-en-operaciones-corporativas-en-espana-de-2024\/\" tabindex=\"-1\" >\n\t\t\t<div class=\"elementor-post__thumbnail\"><img fetchpriority=\"high\" decoding=\"async\" width=\"300\" height=\"211\" src=\"https:\/\/www.gbsfinance.com\/wp-content\/uploads\/2024\/12\/Diseno-sin-titulo-20-300x211.png\" class=\"attachment-medium size-medium wp-image-31807\" alt=\"\" srcset=\"https:\/\/www.gbsfinance.com\/wp-content\/uploads\/2024\/12\/Diseno-sin-titulo-20-300x211.png 300w, https:\/\/www.gbsfinance.com\/wp-content\/uploads\/2024\/12\/Diseno-sin-titulo-20-768x540.png 768w, https:\/\/www.gbsfinance.com\/wp-content\/uploads\/2024\/12\/Diseno-sin-titulo-20.png 1024w\" sizes=\"(max-width: 300px) 100vw, 300px\" \/><\/div>\n\t\t<\/a>\n\t\t\t\t<div class=\"elementor-post__text\">\n\t\t\t\t<h3 class=\"elementor-post__title\">\n\t\t\t<a href=\"https:\/\/www.gbsfinance.com\/es\/gbs-finance-ha-sido-reconocido-como-el-mejor-asesor-financiero-en-operaciones-corporativas-en-espana-de-2024\/\" >\n\t\t\t\tGBS Finance ha sido reconocido como el Mejor Asesor Financiero en Operaciones Corporativas en Espa\u00f1a de 2024\t\t\t<\/a>\n\t\t<\/h3>\n\t\t\t\t<div class=\"elementor-post__meta-data\">\n\t\t\t\t\t<span class=\"elementor-post-date\">\n\t\t\t2 de diciembre de 2024\t\t<\/span>\n\t\t\t\t<\/div>\n\t\t\t\t<div class=\"elementor-post__excerpt\">\n\t\t\t<p>GBS Finance ha sido reconocido como el Mejor Asesor Financiero en Operaciones Corporativas en Espa\u00f1a de 2024<\/p>\n\t\t<\/div>\n\t\t\t\t\t<div class=\"elementor-post__read-more-wrapper\">\n\t\t\n\t\t<a class=\"elementor-post__read-more\" href=\"https:\/\/www.gbsfinance.com\/es\/gbs-finance-ha-sido-reconocido-como-el-mejor-asesor-financiero-en-operaciones-corporativas-en-espana-de-2024\/\" aria-label=\"Read more about GBS Finance ha sido reconocido como el Mejor Asesor Financiero en Operaciones Corporativas en Espa\u00f1a de 2024\" tabindex=\"-1\" >\n\t\t\tLeer m\u00e1s \u00bb\t\t<\/a>\n\n\t\t\t\t\t<\/div>\n\t\t\t\t<\/div>\n\t\t\t\t<\/article>\n\t\t\t\t<article class=\"elementor-post elementor-grid-item post-31692 post type-post status-publish format-standard has-post-thumbnail hentry category-noticias category-sin-categorizar\" role=\"listitem\">\n\t\t\t\t<a class=\"elementor-post__thumbnail__link\" href=\"https:\/\/www.gbsfinance.com\/es\/gbs-finance-asesora-a-ecosac-en-la-entrada-de-atitlan-en-su-accionariado\/\" tabindex=\"-1\" >\n\t\t\t<div class=\"elementor-post__thumbnail\"><img decoding=\"async\" width=\"300\" height=\"211\" src=\"https:\/\/www.gbsfinance.com\/wp-content\/uploads\/2024\/08\/Ecosac-300x211.png\" class=\"attachment-medium size-medium wp-image-31813\" alt=\"\" srcset=\"https:\/\/www.gbsfinance.com\/wp-content\/uploads\/2024\/08\/Ecosac-300x211.png 300w, https:\/\/www.gbsfinance.com\/wp-content\/uploads\/2024\/08\/Ecosac-768x540.png 768w, https:\/\/www.gbsfinance.com\/wp-content\/uploads\/2024\/08\/Ecosac.png 1024w\" sizes=\"(max-width: 300px) 100vw, 300px\" \/><\/div>\n\t\t<\/a>\n\t\t\t\t<div class=\"elementor-post__text\">\n\t\t\t\t<h3 class=\"elementor-post__title\">\n\t\t\t<a href=\"https:\/\/www.gbsfinance.com\/es\/gbs-finance-asesora-a-ecosac-en-la-entrada-de-atitlan-en-su-accionariado\/\" >\n\t\t\t\tGBS Finance asesora a Ecosac en la entrada de Atitl\u00e1n en su accionariado\t\t\t<\/a>\n\t\t<\/h3>\n\t\t\t\t<div class=\"elementor-post__meta-data\">\n\t\t\t\t\t<span class=\"elementor-post-date\">\n\t\t\t30 de agosto de 2024\t\t<\/span>\n\t\t\t\t<\/div>\n\t\t\t\t<div class=\"elementor-post__excerpt\">\n\t\t\t<p>GBS Finance asesora a Ecosac en la entrada de Atitl\u00e1n en su accionariado<\/p>\n\t\t<\/div>\n\t\t\t\t\t<div class=\"elementor-post__read-more-wrapper\">\n\t\t\n\t\t<a class=\"elementor-post__read-more\" href=\"https:\/\/www.gbsfinance.com\/es\/gbs-finance-asesora-a-ecosac-en-la-entrada-de-atitlan-en-su-accionariado\/\" aria-label=\"Read more about GBS Finance asesora a Ecosac en la entrada de Atitl\u00e1n en su accionariado\" tabindex=\"-1\" >\n\t\t\tLeer m\u00e1s \u00bb\t\t<\/a>\n\n\t\t\t\t\t<\/div>\n\t\t\t\t<\/div>\n\t\t\t\t<\/article>\n\t\t\t\t<article class=\"elementor-post elementor-grid-item post-31526 post type-post status-publish format-standard has-post-thumbnail hentry category-noticias category-sin-categorizar\" role=\"listitem\">\n\t\t\t\t<a class=\"elementor-post__thumbnail__link\" href=\"https:\/\/www.gbsfinance.com\/es\/gbs-finance-asesora-a-arima-en-la-opa-de-245-millones-lanzada-por-jss\/\" tabindex=\"-1\" >\n\t\t\t<div class=\"elementor-post__thumbnail\"><img decoding=\"async\" width=\"300\" height=\"211\" src=\"https:\/\/www.gbsfinance.com\/wp-content\/uploads\/2024\/05\/Arima-300x211.png\" class=\"attachment-medium size-medium wp-image-31815\" alt=\"\" srcset=\"https:\/\/www.gbsfinance.com\/wp-content\/uploads\/2024\/05\/Arima-300x211.png 300w, https:\/\/www.gbsfinance.com\/wp-content\/uploads\/2024\/05\/Arima-768x540.png 768w, https:\/\/www.gbsfinance.com\/wp-content\/uploads\/2024\/05\/Arima.png 1024w\" sizes=\"(max-width: 300px) 100vw, 300px\" \/><\/div>\n\t\t<\/a>\n\t\t\t\t<div class=\"elementor-post__text\">\n\t\t\t\t<h3 class=\"elementor-post__title\">\n\t\t\t<a href=\"https:\/\/www.gbsfinance.com\/es\/gbs-finance-asesora-a-arima-en-la-opa-de-245-millones-lanzada-por-jss\/\" >\n\t\t\t\tGBS Finance ha asesorado a \u00c1rima Real Estate en la oferta p\u00fablica de adquisici\u00f3n (OPA) amistosa lanzada por JSS Real Estate, valorada en 245 millones de euros.\t\t\t<\/a>\n\t\t<\/h3>\n\t\t\t\t<div class=\"elementor-post__meta-data\">\n\t\t\t\t\t<span class=\"elementor-post-date\">\n\t\t\t20 de mayo de 2024\t\t<\/span>\n\t\t\t\t<\/div>\n\t\t\t\t<div class=\"elementor-post__excerpt\">\n\t\t\t<p>GBS Finance ha actuado como asesor financiero de \u00c1rima Real Estate en la oferta p\u00fablica de adquisici\u00f3n (OPA) amistosa lanzada por JSS Real Estate, valorada en 245 millones de euros.<\/p>\n\t\t<\/div>\n\t\t\t\t\t<div class=\"elementor-post__read-more-wrapper\">\n\t\t\n\t\t<a class=\"elementor-post__read-more\" href=\"https:\/\/www.gbsfinance.com\/es\/gbs-finance-asesora-a-arima-en-la-opa-de-245-millones-lanzada-por-jss\/\" aria-label=\"Read more about GBS Finance ha asesorado a \u00c1rima Real Estate en la oferta p\u00fablica de adquisici\u00f3n (OPA) amistosa lanzada por JSS Real Estate, valorada en 245 millones de euros.\" tabindex=\"-1\" >\n\t\t\tLeer m\u00e1s \u00bb\t\t<\/a>\n\n\t\t\t\t\t<\/div>\n\t\t\t\t<\/div>\n\t\t\t\t<\/article>\n\t\t\t\t<article class=\"elementor-post elementor-grid-item post-31468 post type-post status-publish format-standard has-post-thumbnail hentry category-noticias\" role=\"listitem\">\n\t\t\t\t<a class=\"elementor-post__thumbnail__link\" href=\"https:\/\/www.gbsfinance.com\/es\/gbs-finance-asesora-a-quadrante-group-en-la-adquisicion-de-una-participaciopn-por-parte-de-henko-partners\/\" tabindex=\"-1\" >\n\t\t\t<div class=\"elementor-post__thumbnail\"><img loading=\"lazy\" decoding=\"async\" width=\"300\" height=\"300\" src=\"https:\/\/www.gbsfinance.com\/wp-content\/uploads\/2024\/02\/Quadrante-Henko-1-300x300.png\" class=\"attachment-medium size-medium wp-image-31461\" alt=\"\" srcset=\"https:\/\/www.gbsfinance.com\/wp-content\/uploads\/2024\/02\/Quadrante-Henko-1-300x300.png 300w, https:\/\/www.gbsfinance.com\/wp-content\/uploads\/2024\/02\/Quadrante-Henko-1-150x150.png 150w, https:\/\/www.gbsfinance.com\/wp-content\/uploads\/2024\/02\/Quadrante-Henko-1.png 500w\" sizes=\"(max-width: 300px) 100vw, 300px\" \/><\/div>\n\t\t<\/a>\n\t\t\t\t<div class=\"elementor-post__text\">\n\t\t\t\t<h3 class=\"elementor-post__title\">\n\t\t\t<a href=\"https:\/\/www.gbsfinance.com\/es\/gbs-finance-asesora-a-quadrante-group-en-la-adquisicion-de-una-participaciopn-por-parte-de-henko-partners\/\" >\n\t\t\t\tGBS Finance asesora a Quadrante Group en la adquisici\u00f3n de una participaci\u00f3pn por parte de Henko Partners.\t\t\t<\/a>\n\t\t<\/h3>\n\t\t\t\t<div class=\"elementor-post__meta-data\">\n\t\t\t\t\t<span class=\"elementor-post-date\">\n\t\t\t1 de febrero de 2024\t\t<\/span>\n\t\t\t\t<\/div>\n\t\t\t\t<div class=\"elementor-post__excerpt\">\n\t\t\t<p>La transacci\u00f3n permitir\u00e1 a Quadrante Group reforzar su liderazgo entre las cuatro principales firmas de consultor\u00eda de ingenier\u00eda de Iberia, as\u00ed como impulsar su crecimiento en los Estados Unidos.<\/p>\n\t\t<\/div>\n\t\t\t\t\t<div class=\"elementor-post__read-more-wrapper\">\n\t\t\n\t\t<a class=\"elementor-post__read-more\" href=\"https:\/\/www.gbsfinance.com\/es\/gbs-finance-asesora-a-quadrante-group-en-la-adquisicion-de-una-participaciopn-por-parte-de-henko-partners\/\" aria-label=\"Read more about GBS Finance asesora a Quadrante Group en la adquisici\u00f3n de una participaci\u00f3pn por parte de Henko Partners.\" tabindex=\"-1\" >\n\t\t\tLeer m\u00e1s \u00bb\t\t<\/a>\n\n\t\t\t\t\t<\/div>\n\t\t\t\t<\/div>\n\t\t\t\t<\/article>\n\t\t\t\t<article class=\"elementor-post elementor-grid-item post-32797 post type-post status-publish format-standard hentry category-noticias category-sin-categorizar\" role=\"listitem\">\n\t\t\t\t<div class=\"elementor-post__text\">\n\t\t\t\t<h3 class=\"elementor-post__title\">\n\t\t\t<a href=\"https:\/\/www.gbsfinance.com\/es\/comunicado-oficial-alerta-de-suplantacion-de-identidad\/\" >\n\t\t\t\tCOMUNICADO OFICIAL \u2013 ALERTA DE SUPLANTACI\u00d3N DE IDENTIDAD\t\t\t<\/a>\n\t\t<\/h3>\n\t\t\t\t<div class=\"elementor-post__meta-data\">\n\t\t\t\t\t<span class=\"elementor-post-date\">\n\t\t\t22 de octubre de 2025\t\t<\/span>\n\t\t\t\t<\/div>\n\t\t\t\t<div class=\"elementor-post__excerpt\">\n\t\t\t<p>Madrid, 22 de octubre de 2025 Desde Capital Markets AV SA, entidad regulada y parte del grupo GBS Finance, informamos que hemos detectado un intento<\/p>\n\t\t<\/div>\n\t\t\t\t\t<div class=\"elementor-post__read-more-wrapper\">\n\t\t\n\t\t<a class=\"elementor-post__read-more\" href=\"https:\/\/www.gbsfinance.com\/es\/comunicado-oficial-alerta-de-suplantacion-de-identidad\/\" aria-label=\"Read more about COMUNICADO OFICIAL \u2013 ALERTA DE SUPLANTACI\u00d3N DE IDENTIDAD\" tabindex=\"-1\" >\n\t\t\tLeer m\u00e1s \u00bb\t\t<\/a>\n\n\t\t\t\t\t<\/div>\n\t\t\t\t<\/div>\n\t\t\t\t<\/article>\n\t\t\t\t<article class=\"elementor-post elementor-grid-item post-30932 post type-post status-publish format-standard has-post-thumbnail hentry category-novedadesnoticiassin-categorizar\" role=\"listitem\">\n\t\t\t\t<a class=\"elementor-post__thumbnail__link\" href=\"https:\/\/www.gbsfinance.com\/es\/gbs-reim\/\" tabindex=\"-1\" >\n\t\t\t<div class=\"elementor-post__thumbnail\"><img loading=\"lazy\" decoding=\"async\" width=\"300\" height=\"183\" src=\"https:\/\/www.gbsfinance.com\/wp-content\/uploads\/2024\/01\/11_DSC0824-scaled-e1707121132820-300x183.jpg\" class=\"attachment-medium size-medium wp-image-31144\" alt=\"\" srcset=\"https:\/\/www.gbsfinance.com\/wp-content\/uploads\/2024\/01\/11_DSC0824-scaled-e1707121132820-300x183.jpg 300w, https:\/\/www.gbsfinance.com\/wp-content\/uploads\/2024\/01\/11_DSC0824-scaled-e1707121132820-1024x626.jpg 1024w, https:\/\/www.gbsfinance.com\/wp-content\/uploads\/2024\/01\/11_DSC0824-scaled-e1707121132820-768x469.jpg 768w, https:\/\/www.gbsfinance.com\/wp-content\/uploads\/2024\/01\/11_DSC0824-scaled-e1707121132820-1536x939.jpg 1536w, https:\/\/www.gbsfinance.com\/wp-content\/uploads\/2024\/01\/11_DSC0824-scaled-e1707121132820-2048x1252.jpg 2048w\" sizes=\"(max-width: 300px) 100vw, 300px\" \/><\/div>\n\t\t<\/a>\n\t\t\t\t<div class=\"elementor-post__text\">\n\t\t\t\t<h3 class=\"elementor-post__title\">\n\t\t\t<a href=\"https:\/\/www.gbsfinance.com\/es\/gbs-reim\/\" >\n\t\t\t\tGBS Finance lanza su nueva unidad de negocio  \u00abGBS Real Estate Investment Management\u00bb (GBS REIM)\t\t\t<\/a>\n\t\t<\/h3>\n\t\t\t\t<div class=\"elementor-post__meta-data\">\n\t\t\t\t\t<span class=\"elementor-post-date\">\n\t\t\t5 de enero de 2024\t\t<\/span>\n\t\t\t\t<\/div>\n\t\t\t\t<div class=\"elementor-post__excerpt\">\n\t\t\t<p>Hemos lanzado la unidad de negocio GBS Real Estate Investment Management (GBS REIM). Su objetivo principal es convertirse en una referencia en el mundo de la inversi\u00f3n alternativa de impacto<\/p>\n\t\t<\/div>\n\t\t\t\t\t<div class=\"elementor-post__read-more-wrapper\">\n\t\t\n\t\t<a class=\"elementor-post__read-more\" href=\"https:\/\/www.gbsfinance.com\/es\/gbs-reim\/\" aria-label=\"Read more about GBS Finance lanza su nueva unidad de negocio  \u00abGBS Real Estate Investment Management\u00bb (GBS REIM)\" tabindex=\"-1\" >\n\t\t\tLeer m\u00e1s \u00bb\t\t<\/a>\n\n\t\t\t\t\t<\/div>\n\t\t\t\t<\/div>\n\t\t\t\t<\/article>\n\t\t\t\t<article class=\"elementor-post elementor-grid-item post-30926 post type-post status-publish format-standard has-post-thumbnail hentry category-novedadesnoticiassin-categorizar\" role=\"listitem\">\n\t\t\t\t<a class=\"elementor-post__thumbnail__link\" href=\"https:\/\/www.gbsfinance.com\/es\/https-www-eleconomista-es-banca-finanzas-noticias-12490766-10-23-gbs-asesora-transacciones-por-1200-millones-en-activos-improductivos-y-singulares-htmltextgbs-asesora-transacciones-por-1-200-millones\/\" tabindex=\"-1\" >\n\t\t\t<div class=\"elementor-post__thumbnail\"><img loading=\"lazy\" decoding=\"async\" width=\"300\" height=\"288\" src=\"https:\/\/www.gbsfinance.com\/wp-content\/uploads\/2024\/01\/SSG-noticia--300x288.png\" class=\"attachment-medium size-medium wp-image-31156\" alt=\"\" srcset=\"https:\/\/www.gbsfinance.com\/wp-content\/uploads\/2024\/01\/SSG-noticia--300x288.png 300w, https:\/\/www.gbsfinance.com\/wp-content\/uploads\/2024\/01\/SSG-noticia-.png 715w\" sizes=\"(max-width: 300px) 100vw, 300px\" \/><\/div>\n\t\t<\/a>\n\t\t\t\t<div class=\"elementor-post__text\">\n\t\t\t\t<h3 class=\"elementor-post__title\">\n\t\t\t<a href=\"https:\/\/www.gbsfinance.com\/es\/https-www-eleconomista-es-banca-finanzas-noticias-12490766-10-23-gbs-asesora-transacciones-por-1200-millones-en-activos-improductivos-y-singulares-htmltextgbs-asesora-transacciones-por-1-200-millones\/\" >\n\t\t\t\tGBS Finance Special Situations asesora con activos singulares por valor de \u20ac1.200MM en el mercado \u00abdistressed\u00bb\t\t\t<\/a>\n\t\t<\/h3>\n\t\t\t\t<div class=\"elementor-post__meta-data\">\n\t\t\t\t\t<span class=\"elementor-post-date\">\n\t\t\t5 de enero de 2024\t\t<\/span>\n\t\t\t\t<\/div>\n\t\t\t\t<div class=\"elementor-post__excerpt\">\n\t\t\t<p>Previsiones para 2023: \u00abdos actores que van a jugar un papel muy relevante en el desempe\u00f1o del sector residencial son los bancos y los fondos de inversi\u00f3n\u00bb.<\/p>\n\t\t<\/div>\n\t\t\t\t\t<div class=\"elementor-post__read-more-wrapper\">\n\t\t\n\t\t<a class=\"elementor-post__read-more\" href=\"https:\/\/www.gbsfinance.com\/es\/https-www-eleconomista-es-banca-finanzas-noticias-12490766-10-23-gbs-asesora-transacciones-por-1200-millones-en-activos-improductivos-y-singulares-htmltextgbs-asesora-transacciones-por-1-200-millones\/\" aria-label=\"Read more about GBS Finance Special Situations asesora con activos singulares por valor de \u20ac1.200MM en el mercado \u00abdistressed\u00bb\" tabindex=\"-1\" >\n\t\t\tLeer m\u00e1s \u00bb\t\t<\/a>\n\n\t\t\t\t\t<\/div>\n\t\t\t\t<\/div>\n\t\t\t\t<\/article>\n\t\t\t\t<article class=\"elementor-post elementor-grid-item post-24208 post type-post status-publish format-standard has-post-thumbnail hentry category-novedadesnoticiassin-categorizar\" role=\"listitem\">\n\t\t\t\t<a class=\"elementor-post__thumbnail__link\" href=\"https:\/\/www.gbsfinance.com\/es\/gbs-finance-participa-en-el-foro-del-consejo-empresarial-alianza-por-iberoamerica-ceapi\/\" tabindex=\"-1\" >\n\t\t\t<div class=\"elementor-post__thumbnail\"><img loading=\"lazy\" decoding=\"async\" width=\"300\" height=\"150\" src=\"https:\/\/www.gbsfinance.com\/wp-content\/uploads\/2024\/01\/Madrid-capital-de-la-internacionalizacion-iberoamericana-CEAPI-300x150.webp\" class=\"attachment-medium size-medium wp-image-31161\" alt=\"\" srcset=\"https:\/\/www.gbsfinance.com\/wp-content\/uploads\/2024\/01\/Madrid-capital-de-la-internacionalizacion-iberoamericana-CEAPI-300x150.webp 300w, https:\/\/www.gbsfinance.com\/wp-content\/uploads\/2024\/01\/Madrid-capital-de-la-internacionalizacion-iberoamericana-CEAPI-1024x510.webp 1024w, https:\/\/www.gbsfinance.com\/wp-content\/uploads\/2024\/01\/Madrid-capital-de-la-internacionalizacion-iberoamericana-CEAPI-768x383.webp 768w, https:\/\/www.gbsfinance.com\/wp-content\/uploads\/2024\/01\/Madrid-capital-de-la-internacionalizacion-iberoamericana-CEAPI.webp 1280w\" sizes=\"(max-width: 300px) 100vw, 300px\" \/><\/div>\n\t\t<\/a>\n\t\t\t\t<div class=\"elementor-post__text\">\n\t\t\t\t<h3 class=\"elementor-post__title\">\n\t\t\t<a href=\"https:\/\/www.gbsfinance.com\/es\/gbs-finance-participa-en-el-foro-del-consejo-empresarial-alianza-por-iberoamerica-ceapi\/\" >\n\t\t\t\tGBS Finance participa en el foro del Consejo Empresarial Alianza por Iberoam\u00e9rica (CEAPI)\t\t\t<\/a>\n\t\t<\/h3>\n\t\t\t\t<div class=\"elementor-post__meta-data\">\n\t\t\t\t\t<span class=\"elementor-post-date\">\n\t\t\t1 de marzo de 2023\t\t<\/span>\n\t\t\t\t<\/div>\n\t\t\t\t<div class=\"elementor-post__excerpt\">\n\t\t\t<p>El pasado 17 de octubre nuestro socio Pablo D\u00edaz-Llad\u00f3 particip\u00f3 en el foro \u00abMadrid, capital de la internacionalizaci\u00f3n iberoamericana\u00bb, organizado por el Consejo Empresarial Alianza por Iberoam\u00e9rica (CEAPI).<\/p>\n\t\t<\/div>\n\t\t\t\t\t<div class=\"elementor-post__read-more-wrapper\">\n\t\t\n\t\t<a class=\"elementor-post__read-more\" href=\"https:\/\/www.gbsfinance.com\/es\/gbs-finance-participa-en-el-foro-del-consejo-empresarial-alianza-por-iberoamerica-ceapi\/\" aria-label=\"Read more about GBS Finance participa en el foro del Consejo Empresarial Alianza por Iberoam\u00e9rica (CEAPI)\" tabindex=\"-1\" >\n\t\t\tLeer m\u00e1s \u00bb\t\t<\/a>\n\n\t\t\t\t\t<\/div>\n\t\t\t\t<\/div>\n\t\t\t\t<\/article>\n\t\t\t\t<article class=\"elementor-post elementor-grid-item post-24212 post type-post status-publish format-standard has-post-thumbnail hentry category-novedadesnoticiassin-categorizar\" role=\"listitem\">\n\t\t\t\t<a class=\"elementor-post__thumbnail__link\" href=\"https:\/\/www.gbsfinance.com\/es\/nuestro-socio-javier-herrero-analiza-en-eleconomista-la-situacion-actual-del-sector-inmobiliario-en-espana\/\" tabindex=\"-1\" >\n\t\t\t<div class=\"elementor-post__thumbnail\"><img loading=\"lazy\" decoding=\"async\" width=\"300\" height=\"169\" src=\"https:\/\/www.gbsfinance.com\/wp-content\/uploads\/2023\/02\/tom-rumble-7lvzopTxjOU-unsplash-300x169.jpg\" class=\"attachment-medium size-medium wp-image-31163\" alt=\"\" srcset=\"https:\/\/www.gbsfinance.com\/wp-content\/uploads\/2023\/02\/tom-rumble-7lvzopTxjOU-unsplash-300x169.jpg 300w, https:\/\/www.gbsfinance.com\/wp-content\/uploads\/2023\/02\/tom-rumble-7lvzopTxjOU-unsplash-1024x576.jpg 1024w, https:\/\/www.gbsfinance.com\/wp-content\/uploads\/2023\/02\/tom-rumble-7lvzopTxjOU-unsplash-768x432.jpg 768w, https:\/\/www.gbsfinance.com\/wp-content\/uploads\/2023\/02\/tom-rumble-7lvzopTxjOU-unsplash-1536x864.jpg 1536w, https:\/\/www.gbsfinance.com\/wp-content\/uploads\/2023\/02\/tom-rumble-7lvzopTxjOU-unsplash-2048x1152.jpg 2048w\" sizes=\"(max-width: 300px) 100vw, 300px\" \/><\/div>\n\t\t<\/a>\n\t\t\t\t<div class=\"elementor-post__text\">\n\t\t\t\t<h3 class=\"elementor-post__title\">\n\t\t\t<a href=\"https:\/\/www.gbsfinance.com\/es\/nuestro-socio-javier-herrero-analiza-en-eleconomista-la-situacion-actual-del-sector-inmobiliario-en-espana\/\" >\n\t\t\t\tNuestro socio Javier Herrero analiza en elEconomista la situaci\u00f3n actual del sector inmobiliario en Espa\u00f1a\t\t\t<\/a>\n\t\t<\/h3>\n\t\t\t\t<div class=\"elementor-post__meta-data\">\n\t\t\t\t\t<span class=\"elementor-post-date\">\n\t\t\t28 de febrero de 2023\t\t<\/span>\n\t\t\t\t<\/div>\n\t\t\t\t<div class=\"elementor-post__excerpt\">\n\t\t\t<p>Previsiones para 2023: \u00abdos actores que van a jugar un papel muy relevante en el desempe\u00f1o del sector residencial son los bancos y los fondos de inversi\u00f3n\u00bb.<\/p>\n\t\t<\/div>\n\t\t\t\t\t<div class=\"elementor-post__read-more-wrapper\">\n\t\t\n\t\t<a class=\"elementor-post__read-more\" href=\"https:\/\/www.gbsfinance.com\/es\/nuestro-socio-javier-herrero-analiza-en-eleconomista-la-situacion-actual-del-sector-inmobiliario-en-espana\/\" aria-label=\"Read more about Nuestro socio Javier Herrero analiza en elEconomista la situaci\u00f3n actual del sector inmobiliario en Espa\u00f1a\" tabindex=\"-1\" >\n\t\t\tLeer m\u00e1s \u00bb\t\t<\/a>\n\n\t\t\t\t\t<\/div>\n\t\t\t\t<\/div>\n\t\t\t\t<\/article>\n\t\t\t\t<\/div>\n\t\t\n\t\t\t\t<div class=\"e-load-more-anchor\" data-page=\"1\" data-max-page=\"4\" data-next-page=\"https:\/\/www.gbsfinance.com\/es\/wp-json\/wp\/v2\/pages\/28517\/page\/2\/\"><\/div>\n\t\t\t\t<nav class=\"elementor-pagination\" aria-label=\"Pagination\">\n\t\t\t<span class=\"page-numbers prev\">\" Anterior<\/span>\n<span aria-current=\"page\" class=\"page-numbers current\"><span class=\"elementor-screen-only\">Page<\/span>1<\/span>\n<a class=\"page-numbers\" href=\"https:\/\/www.gbsfinance.com\/es\/wp-json\/wp\/v2\/pages\/28517\/page\/2\/\"><span class=\"elementor-screen-only\">Page<\/span>2<\/a>\n<a class=\"page-numbers\" href=\"https:\/\/www.gbsfinance.com\/es\/wp-json\/wp\/v2\/pages\/28517\/page\/3\/\"><span class=\"elementor-screen-only\">Page<\/span>3<\/a>\n<a class=\"page-numbers\" href=\"https:\/\/www.gbsfinance.com\/es\/wp-json\/wp\/v2\/pages\/28517\/page\/4\/\"><span class=\"elementor-screen-only\">Page<\/span>4<\/a>\n<a class=\"page-numbers next\" href=\"https:\/\/www.gbsfinance.com\/es\/wp-json\/wp\/v2\/pages\/28517\/page\/2\/\">Siguiente \"<\/a>\t\t<\/nav>\n\t\t\t\t\t\t<\/div>\n\t\t\t\t<\/div>\n\t\t\t\t\t<\/div>\n\t\t<\/div>\n\t\t\t\t\t<\/div>\n\t\t<\/section>\n\t\t\t\t<\/div>\n\t\t","protected":false},"excerpt":{"rendered":"<p>Noticias Conozca la actualidad financiera de la mano de los l\u00edderes de GBS Finance<\/p>\n","protected":false},"author":7,"featured_media":0,"parent":0,"menu_order":0,"comment_status":"closed","ping_status":"closed","template":"","meta":{"_acf_changed":false,"footnotes":""},"class_list":["post-28517","page","type-page","status-publish","hentry"],"acf":[],"_links":{"self":[{"href":"https:\/\/www.gbsfinance.com\/es\/wp-json\/wp\/v2\/pages\/28517","targetHints":{"allow":["GET"]}}],"collection":[{"href":"https:\/\/www.gbsfinance.com\/es\/wp-json\/wp\/v2\/pages"}],"about":[{"href":"https:\/\/www.gbsfinance.com\/es\/wp-json\/wp\/v2\/types\/page"}],"author":[{"embeddable":true,"href":"https:\/\/www.gbsfinance.com\/es\/wp-json\/wp\/v2\/users\/7"}],"replies":[{"embeddable":true,"href":"https:\/\/www.gbsfinance.com\/es\/wp-json\/wp\/v2\/comments?post=28517"}],"version-history":[{"count":14,"href":"https:\/\/www.gbsfinance.com\/es\/wp-json\/wp\/v2\/pages\/28517\/revisions"}],"predecessor-version":[{"id":32289,"href":"https:\/\/www.gbsfinance.com\/es\/wp-json\/wp\/v2\/pages\/28517\/revisions\/32289"}],"wp:attachment":[{"href":"https:\/\/www.gbsfinance.com\/es\/wp-json\/wp\/v2\/media?parent=28517"}],"curies":[{"name":"wp","href":"https:\/\/api.w.org\/{rel}","templated":true}]}}