{"id":31892,"date":"2025-01-16T11:33:40","date_gmt":"2025-01-16T09:33:40","guid":{"rendered":"https:\/\/www.gbsfinance.com\/politica-de-privacidad-copy\/"},"modified":"2025-01-16T12:21:33","modified_gmt":"2025-01-16T10:21:33","slug":"politica-de-privacidad","status":"publish","type":"page","link":"https:\/\/www.gbsfinance.com\/es\/politica-de-privacidad\/","title":{"rendered":"Pol\u00edtica de Privacidad"},"content":{"rendered":"\t\t<div data-elementor-type=\"wp-page\" data-elementor-id=\"31892\" class=\"elementor elementor-31892\" data-elementor-post-type=\"page\">\n\t\t\t\t\t\t<section class=\"elementor-section elementor-top-section elementor-element elementor-element-2fa0ff0 elementor-section-full_width elementor-section-height-default elementor-section-height-default\" data-id=\"2fa0ff0\" data-element_type=\"section\" data-e-type=\"section\" data-settings=\"{&quot;background_background&quot;:&quot;classic&quot;}\">\n\t\t\t\t\t\t<div class=\"elementor-container elementor-column-gap-default\">\n\t\t\t\t\t<div class=\"elementor-column elementor-col-100 elementor-top-column elementor-element elementor-element-155a6f7\" data-id=\"155a6f7\" data-element_type=\"column\" data-e-type=\"column\">\n\t\t\t<div class=\"elementor-widget-wrap elementor-element-populated\">\n\t\t\t\t\t\t<div class=\"elementor-element elementor-element-ead03fa elementor-widget elementor-widget-heading\" data-id=\"ead03fa\" data-element_type=\"widget\" data-e-type=\"widget\" data-widget_type=\"heading.default\">\n\t\t\t\t<div class=\"elementor-widget-container\">\n\t\t\t\t\t<h2 class=\"elementor-heading-title elementor-size-default\">Pol\u00edtica de privacidad<\/h2>\t\t\t\t<\/div>\n\t\t\t\t<\/div>\n\t\t\t\t\t<\/div>\n\t\t<\/div>\n\t\t\t\t\t<\/div>\n\t\t<\/section>\n\t\t\t\t<section class=\"elementor-section elementor-top-section elementor-element elementor-element-7ad99d3 elementor-section-boxed elementor-section-height-default elementor-section-height-default\" data-id=\"7ad99d3\" data-element_type=\"section\" data-e-type=\"section\">\n\t\t\t\t\t\t<div class=\"elementor-container elementor-column-gap-default\">\n\t\t\t\t\t<div class=\"elementor-column elementor-col-100 elementor-top-column elementor-element elementor-element-500bb40f\" data-id=\"500bb40f\" data-element_type=\"column\" data-e-type=\"column\">\n\t\t\t<div class=\"elementor-widget-wrap\">\n\t\t\t\t\t\t\t<\/div>\n\t\t<\/div>\n\t\t\t\t\t<\/div>\n\t\t<\/section>\n\t\t\t\t<section class=\"elementor-section elementor-top-section elementor-element elementor-element-7863695 elementor-section-boxed elementor-section-height-default elementor-section-height-default\" data-id=\"7863695\" data-element_type=\"section\" data-e-type=\"section\">\n\t\t\t\t\t\t<div class=\"elementor-container elementor-column-gap-default\">\n\t\t\t\t\t<div class=\"elementor-column elementor-col-100 elementor-top-column elementor-element elementor-element-de1040a\" data-id=\"de1040a\" data-element_type=\"column\" data-e-type=\"column\">\n\t\t\t<div class=\"elementor-widget-wrap elementor-element-populated\">\n\t\t\t\t\t\t<div class=\"elementor-element elementor-element-44b035c elementor-widget elementor-widget-text-editor\" data-id=\"44b035c\" data-element_type=\"widget\" data-e-type=\"widget\" data-widget_type=\"text-editor.default\">\n\t\t\t\t<div class=\"elementor-widget-container\">\n\t\t\t\t\t\t\t\t\t<p>Siguiendo los principios de licitud, lealtad y transparencia, ponemos a su disposici\u00f3n la presente Pol\u00edtica de Privacidad.<\/p>\n<ol>\n<li><strong>Qui\u00e9n es el Responsable del tratamiento de sus datos?<\/strong><\/li>\n<\/ol>\n<table width=\"576\">\n<tbody>\n<tr>\n<td width=\"140\">\n<p><strong>Responsable<\/strong><\/p>\n<\/td>\n<td width=\"437\">\n<p>GBS Corporate Finance, S.A<\/p>\n<\/td>\n<\/tr>\n<tr>\n<td width=\"140\">\n<p><strong>NIF<\/strong><\/p>\n<\/td>\n<td width=\"437\">\n<p>A87073854<\/p>\n<\/td>\n<\/tr>\n<tr>\n<td width=\"140\">\n<p><strong>Domicilio social<\/strong><\/p>\n<\/td>\n<td width=\"437\">\n<p>Vel\u00e1zquez, 86d, 1\u00ba Norte, 28006 Madrid<\/p>\n<\/td>\n<\/tr>\n<tr>\n<td width=\"140\">\n<p><strong>Correo electr\u00f3nico <\/strong><\/p>\n<\/td>\n<td width=\"437\">\n<p>gbs@gbsfinance.com<\/p>\n<\/td>\n<\/tr>\n<tr>\n<td width=\"140\">\n<p><strong>Tel\u00e9fono<\/strong><\/p>\n<\/td>\n<td width=\"437\">\n<p>+34 915 767 606<\/p>\n<\/td>\n<\/tr>\n<tr>\n<td width=\"140\">\n<p><strong>Delegado de Protecci\u00f3n de datos<\/strong><\/p>\n<\/td>\n<td width=\"437\">\n<p>LEGAL@GRUPOADAPTALIA.ES<\/p>\n<\/td>\n<\/tr>\n<\/tbody>\n<\/table>\n<ol start=\"2\">\n<li><strong>\u00bfCon qu\u00e9 finalidad tratamos sus datos personales?<\/strong><\/li>\n<\/ol>\n<p><strong>En<\/strong><strong> GBS CORPORATE FINANCE S.A<\/strong>, dependiendo de la categor\u00eda de interesado de que se trate, tratamos la informaci\u00f3n que nos facilita con las siguientes finalidades:<\/p>\n<table width=\"603\">\n<tbody>\n<tr>\n<td width=\"74\">\n<p><strong>Interesados<\/strong><\/p>\n<\/td>\n<td width=\"529\">\n<p>Finalidades del tratamiento<\/p>\n<\/td>\n<\/tr>\n<tr>\n<td width=\"74\">\n<p><strong>Potenciales clientes<\/strong><\/p>\n<\/td>\n<td width=\"529\">\n<p>Gestionar la potencial relaci\u00f3n comercial y\/o profesional, gestionar el env\u00edo de informaci\u00f3n solicitada y\/o resolver las consultas planteadas, facilitar ofertas de nuestros servicios y\/o productos de su inter\u00e9s.<\/p>\n<\/td>\n<\/tr>\n<tr>\n<td width=\"74\">\n<p><strong>Clientes<\/strong><\/p>\n<\/td>\n<td width=\"529\">\n<p>Gestionar la relaci\u00f3n comercial y\/o profesional, facilitar ofertas de nuestros servicios y\/o productos de su inter\u00e9s.<\/p>\n<\/td>\n<\/tr>\n<tr>\n<td width=\"74\">\n<p><strong>Proveedores<\/strong><\/p>\n<\/td>\n<td width=\"529\">\n<p>Gestionar la relaci\u00f3n comercial y\/o profesional.<\/p>\n<\/td>\n<\/tr>\n<tr>\n<td width=\"74\">\n<p><strong>Candidatos<\/strong><\/p>\n<\/td>\n<td width=\"529\">\n<p>Gestionar el proceso de selecci\u00f3n de personal.<\/p>\n<\/td>\n<\/tr>\n<tr>\n<td width=\"74\">\n<p><strong>Usuarios web<\/strong><\/p>\n<\/td>\n<td width=\"529\">\n<p>Gestionar el an\u00e1lisis de sus datos de navegaci\u00f3n<\/p>\n<\/td>\n<\/tr>\n<\/tbody>\n<\/table>\n<ol start=\"3\">\n<li><strong>\u00bfCu\u00e1l es la legitimaci\u00f3n para el tratamiento de sus datos?<\/strong><\/li>\n<\/ol>\n<p>La base legal para el tratamiento de sus datos personales, dependiendo de la categor\u00eda de interesado de que se trate, puede ser:<\/p>\n<table width=\"603\">\n<tbody>\n<tr>\n<td width=\"92\">\n<p><strong>Interesados<\/strong><\/p>\n<\/td>\n<td width=\"511\">\n<p>Base legal<\/p>\n<\/td>\n<\/tr>\n<tr>\n<td rowspan=\"3\" width=\"92\">\n<p><strong>Potenciales clientes<\/strong><\/p>\n<\/td>\n<td width=\"511\">\n<p>Art. 6.1.b RGPD: aplicaci\u00f3n, a petici\u00f3n del interesado, de medidas precontractuales (presupuestos, hojas de encargo, ofertas de servicios\u2026).<\/p>\n<\/td>\n<\/tr>\n<tr>\n<td width=\"511\">\n<p>Art. 6.1.f RGPD: Inter\u00e9s leg\u00edtimo (enviar informaci\u00f3n solicitada, responder a las consultas planteadas\u2026).<\/p>\n<\/td>\n<\/tr>\n<tr>\n<td width=\"511\">\n<p>Art. 6.1.a RGPD: consentimiento del propio interesado (facilitar ofertas de nuestros servicios y\/o productos).<\/p>\n<\/td>\n<\/tr>\n<tr>\n<td width=\"92\">\n<p><strong>Clientes<\/strong><\/p>\n<\/td>\n<td width=\"511\">\n<p>Art. 6.1.b RGPD: ejecuci\u00f3n de un contrato en el que el interesado es parte.<\/p>\n<\/td>\n<\/tr>\n<tr>\n<td width=\"92\">\n<p><strong>Proveedores<\/strong><\/p>\n<\/td>\n<td width=\"511\">\n<p>Art. 6.1.b RGPD: ejecuci\u00f3n de un contrato en el que el interesado es parte.<\/p>\n<\/td>\n<\/tr>\n<tr>\n<td width=\"92\">\n<p><strong>Candidatos<\/strong><\/p>\n<\/td>\n<td width=\"511\">\n<p>Art. 6.1.a RGPD: consentimiento del propio interesado.<\/p>\n<\/td>\n<\/tr>\n<tr>\n<td width=\"92\">\n<p><strong>Usuarios web<\/strong><\/p>\n<\/td>\n<td width=\"511\">\n<p>Art. 6.1.a RGPD: consentimiento del propio interesado.<\/p>\n<\/td>\n<\/tr>\n<\/tbody>\n<\/table>\n<p>Los datos que le solicitamos son adecuados, pertinentes y estrictamente necesarios y en ning\u00fan caso est\u00e1 obligado a facilit\u00e1rnoslos, pero su no comunicaci\u00f3n podr\u00e1 afectar a la finalidad del servicio o la imposibilidad de prestarlo.<\/p>\n<ol start=\"4\">\n<li><strong>\u00bfPor cu\u00e1nto tiempo conservaremos sus datos personales?<\/strong><\/li>\n<\/ol>\n<p>Sus datos, ser\u00e1n conservados el tiempo m\u00ednimo necesario para la correcta prestaci\u00f3n del servicio ofrecido, as\u00ed como para atender las responsabilidades que se pudieran derivar del mismo y de cualquier otra exigencia legal.<\/p>\n<ol start=\"5\">\n<li><strong>\u00bfA qu\u00e9 destinatarios se comunicar\u00e1n sus datos? <\/strong><\/li>\n<\/ol>\n<p>&nbsp;GBS CORPORATE FINANCE S.A no comunicar\u00e1 sus datos a ning\u00fan tercero, salvo que se informe de ello expresamente.<\/p>\n<p>Adicionalmente le informamos que determinados datos, en virtud de la normativa vigente o de la relaci\u00f3n contractual que mantenga con GBS CORPORATE FINANCE S.A, podr\u00e1n ser comunicados a:<\/p>\n<ul>\n<li>Los bancos y entidades financieras para el cobro de los servicios contratados y\/o productos comprados.<\/li>\n<\/ul>\n<ul>\n<li>Administraciones p\u00fablicas con competencia en los sectores de la actividad de GBS CORPORATE FINANCE S.A, cuando as\u00ed lo establezca la normativa vigente.<\/li>\n<\/ul>\n<p>Adicionalmente le informamos que determinados datos, en virtud de la normativa vigente o de la relaci\u00f3n contractual que mantenga GBS CORPORATE FINANCE S.A, podr\u00e1n ser comunicados a:<\/p>\n<ul>\n<li>Los bancos y entidades financieras para el cobro de los servicios contratados y\/o productos comprados.<\/li>\n<\/ul>\n<ul>\n<li>Administraciones p\u00fablicas con competencia en los sectores de la actividad de GBS CORPORATE FINANCE S.A, cuando as\u00ed lo establezca la normativa vigente.<\/li>\n<\/ul>\n<ol start=\"6\">\n<li><strong>\u00bfSe efect\u00faan transferencias internacionales de los datos? <\/strong><\/li>\n<\/ol>\n<p><span style=\"color: var( --e-global-color-text ); font-family: var( --e-global-typography-text-font-family ), Sans-serif; font-weight: var( --e-global-typography-text-font-weight ); font-size: 1rem;\">&nbsp;GBS CORPORATE FINANCE S.A podr\u00eda realizar desde este Sitio web transferencias internacionales de datos derivados de la aceptaci\u00f3n de las cookies:<\/span><\/p>\n<p>Google Llc y Google Ireland Limited transfieren datos a Estados Unidos en base al consentimiento del usuario al aceptar las cookies.<\/p>\n<p>Al aceptar las cookies de estas entidades el usuario consiente que sus datos personales que puedan recabarse a trav\u00e9s de la carga y lectura de las cookies sean transferidos a Estados Unidos, pa\u00eds en el que se ofrece un nivel de protecci\u00f3n equiparable al europeo, solo en aquellas empresas estadounidenses incluidas en la lista de privacidad de datos UE-EE.UU., en el conocido como \u201cData Privacy Framework\u201d (en adelante, \u201cDPF\u201d). En caso de que las empresas estadounidenses no est\u00e9n adheridas al DPF, se entender\u00e1n que las mismas no garantizan un nivel de protecci\u00f3n equiparable al europeo<\/p>\n<p>En caso de que el usuario no consienta esta transferencia internacional de datos a Estados Unidos deber\u00e1 rechazar estas cookies no prest\u00e1ndose ni obteni\u00e9ndose las funcionalidades o servicios que se ofrecen con estas cookies.<\/p>\n<p>Puedes informarte de las transferencias a terceros pa\u00edses que, en su caso, realizan los terceros identificados en la pol\u00edtica de cookies en sus correspondientes pol\u00edticas.<\/p>\n<ol start=\"7\">\n<li><strong>\u00bfCu\u00e1les son sus derechos cuando nos facilita sus datos?<\/strong><\/li>\n<\/ol>\n<p>Los derechos de protecci\u00f3n de datos que podr\u00e1n ejercer los interesados, cuando procedan, son:<\/p>\n<ul>\n<li>Derecho a solicitar el acceso a los datos personales relativos al interesado.<\/li>\n<\/ul>\n<ul>\n<li>Derecho de rectificaci\u00f3n o supresi\u00f3n.<\/li>\n<\/ul>\n<ul>\n<li>Derecho de oposici\u00f3n.<\/li>\n<\/ul>\n<ul>\n<li>Derecho a solicitar la limitaci\u00f3n de su tratamiento.<\/li>\n<\/ul>\n<ul>\n<li>Derecho a la portabilidad de los datos.<\/li>\n<\/ul>\n<ul>\n<li>Derecho a no ser objeto de decisiones basadas \u00fanicamente en el tratamiento automatizado de datos.<\/li>\n<\/ul>\n<p>Los titulares de los datos personales obtenidos podr\u00e1n ejercer sus derechos de protecci\u00f3n de datos personales dirigiendo una comunicaci\u00f3n por escrito al domicilio social de GBS CORPORATE FINANCE S.A o al correo electr\u00f3nico &nbsp;<\/p>\n<p>Modelos, formularios y m\u00e1s informaci\u00f3n disponible sobre sus derechos en la p\u00e1gina web de la autoridad de control nacional, Agencia Espa\u00f1ola de Protecci\u00f3n de Datos, en adelante, AEPD, <a href=\"http:\/\/www.aepd.es\" target=\"_blank\" rel=\"noopener\">www.aepd.es<\/a>&nbsp;<\/p>\n<ol start=\"8\">\n<li><strong>\u00bfPuedo retirar el consentimiento?<\/strong><\/li>\n<\/ol>\n<p>Usted tiene la posibilidad y el derecho a retirar el consentimiento para cualquier finalidad espec\u00edfica otorgada en su momento, sin que ello afecte a la licitud del tratamiento basado en el consentimiento previo a su retirada.<\/p>\n<ol start=\"9\">\n<li><strong>\u00bfD\u00f3nde puedo reclamar en caso de que considere que no se tratan mis datos correctamente?<\/strong><\/li>\n<\/ol>\n<p>Si alg\u00fan interesado considera que sus datos no son tratados correctamente por GBS CORPORATE FINANCE S.A o que las solicitudes de ejercicio de derechos no han sido atendidas de forma satisfactoria, puede interponer una reclamaci\u00f3n ante a la autoridad de protecci\u00f3n de datos que corresponda, siendo la AEPD la indicada en el territorio nacional, <a href=\"http:\/\/www.aepd.es\" target=\"_blank\" rel=\"noopener\">www.aepd.es<\/a>.<\/p>\n<ol start=\"10\">\n<li><strong>Seguridad y actualizaci\u00f3n de sus datos personales<\/strong><\/li>\n<\/ol>\n<p>Con el objetivo de salvaguardar la seguridad de sus datos personales, le informamos que ha adoptado todas las medidas de \u00edndole t\u00e9cnica y organizativa necesarias para garantizar la seguridad de los datos personales suministrados. Todo ello para evitar su alteraci\u00f3n, p\u00e9rdida, y\/o tratamientos o accesos no autorizados, tal como exige la normativa, si bien la seguridad absoluta no existe.<\/p>\n<p>Es importante que, para que podamos mantener sus datos personales actualizados, nos informe siempre que se produzca una modificaci\u00f3n de los mismos.<\/p>\n<ol start=\"11\">\n<li><strong>Confidencialidad<\/strong><\/li>\n<\/ol>\n<p>&nbsp;GBS CORPORATE FINANCE S.A le informa que sus datos ser\u00e1n tratados con el m\u00e1ximo celo y confidencialidad por todo el personal que intervenga en cualquiera de las fases del tratamiento. No cederemos ni comunicaremos a ning\u00fan tercero sus datos, excepto en los casos legalmente previstos, o salvo que el interesado nos hubiera autorizado expresamente.<\/p>\t\t\t\t\t\t\t\t<\/div>\n\t\t\t\t<\/div>\n\t\t\t\t\t<\/div>\n\t\t<\/div>\n\t\t\t\t\t<\/div>\n\t\t<\/section>\n\t\t\t\t<\/div>\n\t\t","protected":false},"excerpt":{"rendered":"<p>Pol\u00edtica de privacidad Siguiendo los principios de licitud, lealtad y transparencia, ponemos a su disposici\u00f3n la presente Pol\u00edtica de Privacidad. Qui\u00e9n es el Responsable del tratamiento de sus datos? Responsable GBS Corporate Finance, S.A NIF A87073854 Domicilio social Vel\u00e1zquez, 86d, 1\u00ba Norte, 28006 Madrid Correo electr\u00f3nico gbs@gbsfinance.com Tel\u00e9fono +34 915 767 606 Delegado de Protecci\u00f3n [&hellip;]<\/p>\n","protected":false},"author":10,"featured_media":0,"parent":0,"menu_order":0,"comment_status":"closed","ping_status":"closed","template":"","meta":{"_acf_changed":false,"footnotes":""},"class_list":["post-31892","page","type-page","status-publish","hentry"],"acf":[],"_links":{"self":[{"href":"https:\/\/www.gbsfinance.com\/es\/wp-json\/wp\/v2\/pages\/31892","targetHints":{"allow":["GET"]}}],"collection":[{"href":"https:\/\/www.gbsfinance.com\/es\/wp-json\/wp\/v2\/pages"}],"about":[{"href":"https:\/\/www.gbsfinance.com\/es\/wp-json\/wp\/v2\/types\/page"}],"author":[{"embeddable":true,"href":"https:\/\/www.gbsfinance.com\/es\/wp-json\/wp\/v2\/users\/10"}],"replies":[{"embeddable":true,"href":"https:\/\/www.gbsfinance.com\/es\/wp-json\/wp\/v2\/comments?post=31892"}],"version-history":[{"count":7,"href":"https:\/\/www.gbsfinance.com\/es\/wp-json\/wp\/v2\/pages\/31892\/revisions"}],"predecessor-version":[{"id":31911,"href":"https:\/\/www.gbsfinance.com\/es\/wp-json\/wp\/v2\/pages\/31892\/revisions\/31911"}],"wp:attachment":[{"href":"https:\/\/www.gbsfinance.com\/es\/wp-json\/wp\/v2\/media?parent=31892"}],"curies":[{"name":"wp","href":"https:\/\/api.w.org\/{rel}","templated":true}]}}