{"id":31902,"date":"2025-01-16T12:07:39","date_gmt":"2025-01-16T10:07:39","guid":{"rendered":"https:\/\/www.gbsfinance.com\/aviso-legal-copy\/"},"modified":"2025-07-17T12:55:20","modified_gmt":"2025-07-17T10:55:20","slug":"aviso-legal","status":"publish","type":"page","link":"https:\/\/www.gbsfinance.com\/es\/aviso-legal\/","title":{"rendered":"Aviso Legal"},"content":{"rendered":"\t\t<div data-elementor-type=\"wp-page\" data-elementor-id=\"31902\" class=\"elementor elementor-31902\" data-elementor-post-type=\"page\">\n\t\t\t\t\t\t<section class=\"elementor-section elementor-top-section elementor-element elementor-element-d684958 elementor-section-full_width elementor-section-height-default elementor-section-height-default\" data-id=\"d684958\" data-element_type=\"section\" data-e-type=\"section\" data-settings=\"{&quot;background_background&quot;:&quot;classic&quot;}\">\n\t\t\t\t\t\t<div class=\"elementor-container elementor-column-gap-default\">\n\t\t\t\t\t<div class=\"elementor-column elementor-col-100 elementor-top-column elementor-element elementor-element-cb0cca7\" data-id=\"cb0cca7\" data-element_type=\"column\" data-e-type=\"column\">\n\t\t\t<div class=\"elementor-widget-wrap elementor-element-populated\">\n\t\t\t\t\t\t<div class=\"elementor-element elementor-element-a38f637 elementor-widget elementor-widget-heading\" data-id=\"a38f637\" data-element_type=\"widget\" data-e-type=\"widget\" data-widget_type=\"heading.default\">\n\t\t\t\t<div class=\"elementor-widget-container\">\n\t\t\t\t\t<h2 class=\"elementor-heading-title elementor-size-default\">Aviso Legal\n<\/h2>\t\t\t\t<\/div>\n\t\t\t\t<\/div>\n\t\t\t\t\t<\/div>\n\t\t<\/div>\n\t\t\t\t\t<\/div>\n\t\t<\/section>\n\t\t\t\t<section class=\"elementor-section elementor-top-section elementor-element elementor-element-6b515911 elementor-section-boxed elementor-section-height-default elementor-section-height-default\" data-id=\"6b515911\" data-element_type=\"section\" data-e-type=\"section\">\n\t\t\t\t\t\t<div class=\"elementor-container elementor-column-gap-default\">\n\t\t\t\t\t<div class=\"elementor-column elementor-col-100 elementor-top-column elementor-element elementor-element-4a64b3a9\" data-id=\"4a64b3a9\" data-element_type=\"column\" data-e-type=\"column\">\n\t\t\t<div class=\"elementor-widget-wrap elementor-element-populated\">\n\t\t\t\t\t\t<div class=\"elementor-element elementor-element-ed3bde0 elementor-widget elementor-widget-text-editor\" data-id=\"ed3bde0\" data-element_type=\"widget\" data-e-type=\"widget\" data-widget_type=\"text-editor.default\">\n\t\t\t\t<div class=\"elementor-widget-container\">\n\t\t\t\t\t\t\t\t\t<p>Con la finalidad de dar cumplimiento al art\u00edculo 10 de la Ley 34\/2002 de Servicios de la Sociedad de la Informaci\u00f3n y Comercio Electr\u00f3nico, informamos al usuario de nuestros datos:<\/p><table width=\"565\"><tbody><tr><td colspan=\"2\" width=\"565\"><p>Datos identificativos<\/p><\/td><\/tr><tr><td width=\"149\"><p>Denominaci\u00f3n Social<\/p><\/td><td width=\"416\"><p><strong>GBS Corporate Finance, S.A.<\/strong><\/p><\/td><\/tr><tr><td width=\"149\"><p>NIF<\/p><\/td><td width=\"416\"><p>A87073854<\/p><\/td><\/tr><tr><td width=\"149\"><p>Domicilio Social<\/p><\/td><td width=\"416\"><p>Vel\u00e1zquez, 86 d, 1\u00ba<\/p><p>28006 Madrid<\/p><\/td><\/tr><tr><td width=\"149\"><p>Tel\u00e9fono<\/p><\/td><td width=\"416\"><p>915767606<\/p><\/td><\/tr><tr><td width=\"149\"><p>Correo electr\u00f3nico<\/p><\/td><td width=\"416\"><p>gbs@gbsfinance.com<\/p><\/td><\/tr><tr><td width=\"149\"><p>Datos de inscripci\u00f3n en el registro mercantil<\/p><\/td><td width=\"416\"><p class=\"x_MsoNormal\">GBS CORPORATE FINANCE, S.A. inscrita en el Registro de Madrid, tomo 32529, folio 168, hoja N\u00baM-585516 C.I.F. A-87073854<\/p><\/td><\/tr><\/tbody><\/table><p><strong><u>\u00a0<\/u><\/strong><\/p><ol><li><strong>INTRODUCCI\u00d3N<\/strong><\/li><\/ol><p>Los presentes TERMINOS Y CONDICIONES DE USO DEL SITIO WEB, regulan los t\u00e9rminos y condiciones de acceso y uso de https:\/\/www.gbsfinance.com, en adelante el \u201c<strong>Sitio Web<\/strong>\u201d, propiedad de <strong>GBS Corporate Finance, S.A.,<\/strong> con domicilio en Vel\u00e1zquez, 86 d, 1\u00ba, 28006 Madrid y con NIF A87073854, que el usuario del Sitio Web deber\u00e1 de leer y aceptar para usar todos los servicios e informaci\u00f3n que se facilitan desde el Sitio Web.<\/p><p>El usuario, as\u00ed como <strong>GBS Corporate Finance, S.A.<\/strong>, propietaria del Sitio Web, podr\u00e1n ser denominados conjuntamente como las partes.<\/p><p>El mero acceso o utilizaci\u00f3n del Sitio Web, de todos o parte de sus contenidos y servicios significa la plena aceptaci\u00f3n de las presentes condiciones de uso. La puesta a disposici\u00f3n y el uso del Sitio Web se entiende sometida al estricto cumplimiento de los t\u00e9rminos recogidos en las presentes condiciones de uso del Sitio Web.<\/p><ol start=\"2\"><li><strong>TERMINOS Y CONDICIONES DE USO <\/strong><\/li><\/ol><p>Los presentes t\u00e9rminos y condiciones de uso del Sitio Web, en adelante \u201c<strong>TERMINOS Y CONDICIONES DE USO DEL SITIO WEB<\/strong>\u201d regulan el acceso y la utilizaci\u00f3n del Sitio Web, incluyendo los contenidos y los servicios puestos a disposici\u00f3n de los usuarios en y\/o a trav\u00e9s del Sitio Web, bien por <strong>GBS Corporate Finance, S.A.<\/strong>, bien por sus usuarios o por cualquier tercero. No obstante, el acceso y la utilizaci\u00f3n de ciertos contenidos y\/o servicios pueden encontrarse sometidos a determinadas condiciones espec\u00edficas.<\/p><ol start=\"3\"><li><strong>MODIFICACIONES<\/strong><\/li><li><strong>GBS Corporate Finance, S.A.<\/strong> se reserva la facultad de modificar en cualquier momento las presentes <strong>TERMINOS Y CONDICIONES DE USO DEL SITIO WEB<\/strong>. En todo caso, se recomienda consultar peri\u00f3dicamente las mismas, ya que pueden ser modificadas.<\/li><\/ol><ol start=\"5\"><li><strong>INFORMACI\u00d3N Y SERVICIOS:<\/strong><\/li><\/ol><p>Los usuarios pueden acceder a trav\u00e9s del Sitio Web a diferente tipo de informaci\u00f3n y servicios. <strong>GBS Corporate Finance, S.A.<\/strong> se reserva la facultad de modificar, en cualquier momento, y sin aviso previo, la presentaci\u00f3n y configuraci\u00f3n de la informaci\u00f3n y servicios ofrecidos desde el Sitio Web. El usuario reconoce y acepta expresamente que en cualquier momento <strong>GBS Corporate Finance, S.A.<\/strong> pueda interrumpir, desactivar y\/o cancelar cualquier informaci\u00f3n o servicio. <strong>GBS Corporate Finance, S.A. <\/strong>realizar\u00e1 sus mejores esfuerzos para intentar garantizar la disponibilidad y accesibilidad a la web. No obstante, en ocasiones, por razones de mantenimiento, actualizaci\u00f3n, cambio de ubicaci\u00f3n, etc., podr\u00e1 suponer la interrupci\u00f3n del acceso al Sitio Web.<\/p><ol start=\"6\"><li><strong>DISPONIBILIDAD DE LA INFORMACI\u00d3N Y SERVICIOS DEL SITIO WEB:<\/strong><\/li><\/ol><p><strong>GBS Corporate Finance, S.A.<\/strong> no garantiza la disponibilidad continua y permanente de los servicios, quedando de este modo exonerado de cualquier responsabilidad por posibles da\u00f1os y perjuicios causados como consecuencia de la falta de disponibilidad del servicio por motivos de fuerza mayor o errores en las redes telem\u00e1ticas de transferencia de datos, ajenos a su voluntad, o por desconexiones realizadas por trabajos de mejora o mantenimiento de los equipos y sistemas inform\u00e1ticos.<\/p><p>En estos casos, <strong>GBS Corporate Finance, S.A.<\/strong> har\u00e1 sus mejores esfuerzos por devolver los servicios a su plena disponibilidad, as\u00ed como, para notificar sobre la posible falta de disponibilidad de los mismos. <strong>GBS Corporate Finance, S.A.<\/strong> no ser\u00e1 responsable por la interrupci\u00f3n, suspensi\u00f3n o finalizaci\u00f3n de la informaci\u00f3n o servicios. Asimismo, no se responsabiliza de las posibles omisiones, p\u00e9rdidas de informaci\u00f3n, datos, configuraciones, accesos indebidos o vulneraci\u00f3n de la confidencialidad que tengan origen en problemas t\u00e9cnicos, de comunicaciones u omisiones humanas, causadas por terceros o no imputables a <strong>GBS Corporate Finance, S.A.<\/strong> Tampoco responder\u00e1 de los da\u00f1os producidos por ataques inform\u00e1ticos o causados por virus que afecten a programas inform\u00e1ticos, sistemas de comunicaciones o equipos utilizados por <strong>GBS Corporate Finance, S.A.<\/strong> pero fabricados o facilitados por un tercero.<\/p><p><strong>GBS Corporate Finance, S.A.<\/strong> podr\u00e1, a su sola discreci\u00f3n, denegar, retirar, suspender y\/o bloquear en cualquier momento y sin necesidad de previo aviso el acceso a la informaci\u00f3n y servicios a aquellos usuarios que incumplan las presentes normas.<\/p><ol start=\"7\"><li><strong>RESPONSABILIDAD DEL SITIO WEB:<\/strong><\/li><\/ol><p>Exceptuando los casos que la Ley imponga expresamente lo contrario, y exclusivamente con la medida y extensi\u00f3n en que lo imponga, <strong>GBS Corporate Finance, S.A.<\/strong> no garantiza ni asume responsabilidad alguna respecto a los posibles da\u00f1os y perjuicios causados por el uso y utilizaci\u00f3n de la informaci\u00f3n, datos y servicios del Sitio Web.<\/p><p>En todo caso, <strong>GBS Corporate Finance, S.A.<\/strong> queda excluida de cualquier responsabilidad por los da\u00f1os y perjuicios que puedan deberse a la informaci\u00f3n y\/o servicios prestados o suministrados por terceros diferentes de <strong>GBS Corporate Finance, S.A.<\/strong> Toda responsabilidad ser\u00e1 del tercero ya sea proveedor o\u00a0colaborador.<\/p><ol start=\"8\"><li><strong>OBLIGACIONES DEL USUARIO<\/strong><\/li><\/ol><p>El usuario deber\u00e1 respetar en todo momento los presentes <strong>TERMINOS Y CONDICIONES DE USO DEL SITIO WEB<\/strong>. De forma expresa el usuario manifiesta que utilizar\u00e1 el Sitio Web de forma diligente y asumiendo cualquier responsabilidad que pudiera derivarse del incumplimiento de las normas.<\/p><p>El usuario se obliga, en aquellos casos que se le soliciten datos o informaci\u00f3n, a no falsear su identidad haci\u00e9ndose pasar por cualquier otra persona. El usuario acepta que la utilizaci\u00f3n del Sitio Web ser\u00e1 efectuada con fines estrictamente personales, privados y particulares. El usuario no podr\u00e1 utilizar el Sitio Web para actividades contrarias a la Ley, la moral y el orden p\u00fablico, as\u00ed como, para finalidades prohibidas o que vulneren o lesionen derechos de terceros.<\/p><p>Asimismo, queda prohibida la difusi\u00f3n, almacenamiento y\/o gesti\u00f3n de datos o contenidos que infrinjan derechos de terceros o cualesquiera normativas reguladoras de derechos de propiedad intelectual o industrial.<\/p><p>El usuario no podr\u00e1 utilizar el Sitio Web para transmitir, almacenar, divulgar promover o distribuir datos o contenidos que sean portadores de virus o cualquier otro c\u00f3digo inform\u00e1tico, archivos o programas dise\u00f1ados para interrumpir, destruir o perjudicar el funcionamiento de cualquier programa o equipo inform\u00e1tico o de telecomunicaciones.<\/p><p>El usuario se obliga a indemnizar y a mantener indemne a <strong>GBS Corporate Finance, S.A.<\/strong> por cualquier da\u00f1o, perjuicio, sanci\u00f3n, multa, pena o indemnizaci\u00f3n que tenga que hacer frente <strong>GBS Corporate Finance, S.A.<\/strong> como consecuencia del incumplimiento por parte del usuario de las obligaciones contenidas en el presente documento.<\/p><ol start=\"9\"><li><strong>DATOS DE CAR\u00c1CTER PERSONAL<\/strong><\/li><\/ol><p>La informaci\u00f3n o datos personales que facilite el usuario ser\u00e1n tratados con arreglo a lo establecido en la <u>Pol\u00edtica de Privacidad<\/u> incluida en este Sitio Web.<\/p><ol start=\"10\"><li><strong>ENLACES A OTROS SITIOS WEB<\/strong><\/li><\/ol><p><strong>GBS Corporate Finance, S.A.<\/strong> no garantiza ni asume ning\u00fan tipo de responsabilidad por los da\u00f1os y perjuicios sufridos por el acceso a Servicios de terceros a trav\u00e9s de conexiones, v\u00ednculos o links de los sitios enlazados ni sobre la exactitud o fiabilidad de los mismos. La funci\u00f3n de los enlaces que aparecen es exclusivamente la de informar al Cliente sobre la existencia de otras fuentes de informaci\u00f3n en Internet, donde podr\u00e1 ampliar los Servicios ofrecidos por el Portal.\u00a0<strong>GBS Corporate Finance, S.A.<\/strong> no ser\u00e1 en ning\u00fan caso responsable del resultado obtenido a trav\u00e9s de dichos enlaces o de las consecuencias que se deriven del acceso por los Clientes a los mismos. Estos Servicios de terceros son proporcionados por \u00e9stos, por lo que\u00a0<strong>GBS Corporate Finance, S.A.<\/strong> no puede controlar y no controla la licitud de los Servicios ni su calidad. En consecuencia, el Cliente debe extremar la prudencia en la valoraci\u00f3n y utilizaci\u00f3n de la informaci\u00f3n y servicios existentes en los contenidos de terceros.<\/p><p><strong>\u00a0<\/strong><\/p><ol start=\"11\"><li><strong>PROPIEDAD INTELECTUAL E INDUSTRIAL<\/strong><\/li><\/ol><p>Todos los contenidos, marcas, logos, dibujos, documentaci\u00f3n, programas inform\u00e1ticos o cualquier otro elemento susceptible de protecci\u00f3n por la legislaci\u00f3n de propiedad intelectual o industrial, que sean accesibles en el Sitio Web corresponden exclusivamente a <strong>GBS Corporate Finance, S.A.<\/strong> \u00a0o a sus leg\u00edtimos titulares y quedan expresamente reservados todos los derechos sobre los mismos. Queda expresamente prohibida la creaci\u00f3n de enlaces de hipertexto (links) a cualquier elemento integrante del Sitio Web sin la autorizaci\u00f3n de <strong>GBS Corporate Finance, S.A.<\/strong>, siempre que no sean a un apartado del Sitio Web que no requiera identificaci\u00f3n o autenticaci\u00f3n para su acceso, o el mismo est\u00e9 restringido.<\/p><p>En cualquier caso, <strong>GBS Corporate Finance, S.A.<\/strong> se reserva todos los derechos sobre los contenidos, informaci\u00f3n datos y servicios que ostente sobre los mismos. <strong>GBS Corporate Finance, S.A.<\/strong> no concede ninguna licencia o autorizaci\u00f3n de uso al usuario sobre sus contenidos, datos o servicios, distinta de la que expresamente se detalle en los presentes <strong>TERMINOS Y CONDICIONES DE USO DEL SITIO WEB<\/strong>.<\/p><ol start=\"12\"><li><strong>LEGISLACI\u00d3N APLICABLE, JURISDICCI\u00d3N COMPETENTE Y NOTIFICACIONES<\/strong><\/li><\/ol><p>Los presentes <strong>TE<\/strong><strong>RMINOS Y CONDICIONES DE USO DEL SITIO WEB<\/strong> se rigen y se interpretan de acuerdo con las Leyes de Espa\u00f1a. Para cualquier reclamaci\u00f3n ser\u00e1n competentes los juzgados y tribunales del territorio espa\u00f1ol. Todas las notificaciones, requerimientos, peticiones y otras comunicaciones que el Usuario desee efectuar a <strong>GBS Corporate Finance, S.A.,<\/strong> titular del presente Sitio Web, deber\u00e1n realizarse por escrito y se entender\u00e1 que han sido correctamente realizadas cuando hayan sido recibidas en la siguiente direcci\u00f3n gbs@gbsfinance.com.<\/p>\t\t\t\t\t\t\t\t<\/div>\n\t\t\t\t<\/div>\n\t\t\t\t\t<\/div>\n\t\t<\/div>\n\t\t\t\t\t<\/div>\n\t\t<\/section>\n\t\t\t\t<\/div>\n\t\t","protected":false},"excerpt":{"rendered":"<p>Aviso Legal Con la finalidad de dar cumplimiento al art\u00edculo 10 de la Ley 34\/2002 de Servicios de la Sociedad de la Informaci\u00f3n y Comercio Electr\u00f3nico, informamos al usuario de nuestros datos: Datos identificativos Denominaci\u00f3n Social GBS Corporate Finance, S.A. NIF A87073854 Domicilio Social Vel\u00e1zquez, 86 d, 1\u00ba 28006 Madrid Tel\u00e9fono 915767606 Correo electr\u00f3nico gbs@gbsfinance.com [&hellip;]<\/p>\n","protected":false},"author":10,"featured_media":0,"parent":0,"menu_order":0,"comment_status":"closed","ping_status":"closed","template":"","meta":{"_acf_changed":false,"footnotes":""},"class_list":["post-31902","page","type-page","status-publish","hentry"],"acf":[],"_links":{"self":[{"href":"https:\/\/www.gbsfinance.com\/es\/wp-json\/wp\/v2\/pages\/31902","targetHints":{"allow":["GET"]}}],"collection":[{"href":"https:\/\/www.gbsfinance.com\/es\/wp-json\/wp\/v2\/pages"}],"about":[{"href":"https:\/\/www.gbsfinance.com\/es\/wp-json\/wp\/v2\/types\/page"}],"author":[{"embeddable":true,"href":"https:\/\/www.gbsfinance.com\/es\/wp-json\/wp\/v2\/users\/10"}],"replies":[{"embeddable":true,"href":"https:\/\/www.gbsfinance.com\/es\/wp-json\/wp\/v2\/comments?post=31902"}],"version-history":[{"count":7,"href":"https:\/\/www.gbsfinance.com\/es\/wp-json\/wp\/v2\/pages\/31902\/revisions"}],"predecessor-version":[{"id":32657,"href":"https:\/\/www.gbsfinance.com\/es\/wp-json\/wp\/v2\/pages\/31902\/revisions\/32657"}],"wp:attachment":[{"href":"https:\/\/www.gbsfinance.com\/es\/wp-json\/wp\/v2\/media?parent=31902"}],"curies":[{"name":"wp","href":"https:\/\/api.w.org\/{rel}","templated":true}]}}